{"id":32,"date":"2019-07-13T13:35:54","date_gmt":"2019-07-13T13:35:54","guid":{"rendered":"https:\/\/unitutor24.com\/?page_id=32"},"modified":"2021-01-01T11:34:18","modified_gmt":"2021-01-01T11:34:18","slug":"home","status":"publish","type":"page","link":"https:\/\/unitutor24.com\/","title":{"rendered":"HOME"},"content":{"rendered":"<p>&nbsp;<\/p>\n<table style=\"border-collapse: collapse; width: 100%;\">\n<tbody>\n<tr>\n<td style=\"width: 33.3333%;\"><a href=\"https:\/\/wa.me\/41779965813\"><img decoding=\"async\" loading=\"lazy\" class=\"alignnone wp-image-152 aligncenter\" src=\"https:\/\/unitutor24.com\/wp-content\/uploads\/2020\/12\/whatsapppng-300x300.png\" alt=\"\" width=\"100\" height=\"100\" srcset=\"https:\/\/unitutor24.com\/wp-content\/uploads\/2020\/12\/whatsapppng-300x300.png 300w, https:\/\/unitutor24.com\/wp-content\/uploads\/2020\/12\/whatsapppng-200x200.png 200w, https:\/\/unitutor24.com\/wp-content\/uploads\/2020\/12\/whatsapppng-768x768.png 768w, https:\/\/unitutor24.com\/wp-content\/uploads\/2020\/12\/whatsapppng-800x800.png 800w, https:\/\/unitutor24.com\/wp-content\/uploads\/2020\/12\/whatsapppng.png 1000w\" sizes=\"(max-width: 100px) 100vw, 100px\" \/><\/a><\/td>\n<td style=\"width: 33.3333%;\"><a href=\"mailto:unitutor24@yahoo.com\"><img decoding=\"async\" loading=\"lazy\" class=\"wp-image-159 aligncenter\" src=\"https:\/\/unitutor24.com\/wp-content\/uploads\/2020\/12\/testnow-300x300.png\" alt=\"\" width=\"100\" height=\"100\" srcset=\"https:\/\/unitutor24.com\/wp-content\/uploads\/2020\/12\/testnow-300x300.png 300w, https:\/\/unitutor24.com\/wp-content\/uploads\/2020\/12\/testnow-200x200.png 200w, https:\/\/unitutor24.com\/wp-content\/uploads\/2020\/12\/testnow-768x768.png 768w, https:\/\/unitutor24.com\/wp-content\/uploads\/2020\/12\/testnow-800x800.png 800w, https:\/\/unitutor24.com\/wp-content\/uploads\/2020\/12\/testnow.png 920w\" sizes=\"(max-width: 100px) 100vw, 100px\" \/><\/a><\/td>\n<td style=\"width: 33.3333%;\"><a href=\"mailto:unitutor24@yahoo.com\"><img decoding=\"async\" loading=\"lazy\" class=\"alignnone wp-image-155 aligncenter\" src=\"https:\/\/unitutor24.com\/wp-content\/uploads\/2020\/12\/booknow-290x300.png\" alt=\"\" width=\"100\" height=\"103\" srcset=\"https:\/\/unitutor24.com\/wp-content\/uploads\/2020\/12\/booknow-290x300.png 290w, https:\/\/unitutor24.com\/wp-content\/uploads\/2020\/12\/booknow.png 495w\" sizes=\"(max-width: 100px) 100vw, 100px\" \/><\/a><\/td>\n<\/tr>\n<\/tbody>\n<\/table>\n<p style=\"text-align: center;\"><span style=\"font-size: 24pt;\"><strong>\u00a0<\/strong><\/span><\/p>\n<p style=\"text-align: center;\"><span style=\"font-size: 24pt;\"><strong>MATHE<\/strong><\/span><\/p>\n<p><img decoding=\"async\" loading=\"lazy\" class=\"wp-image-112 aligncenter\" src=\"https:\/\/unitutor24.com\/wp-content\/uploads\/2020\/12\/math-background-300x200.jpg\" alt=\"\" width=\"460\" height=\"306\" srcset=\"https:\/\/unitutor24.com\/wp-content\/uploads\/2020\/12\/math-background-300x200.jpg 300w, https:\/\/unitutor24.com\/wp-content\/uploads\/2020\/12\/math-background.jpg 626w\" sizes=\"(max-width: 460px) 100vw, 460px\" \/><\/p>\n<p class=\"Standard\" style=\"text-align: center;\"><span lang=\"DE-CH\">Mathematik ist sowohl im allt\u00e4glichen Leben als auch im sp\u00e4teren Berufsleben allgegenw\u00e4rtig und wird als fester Bestandteil der Allgemeinbildung eingestuft. Den Satz \u00abMathe? Werde ich wohl nie verstehen!\u00bb treten qualifizierte Mathematik- Nachhilfelehrer entgegen und helfen Sch\u00fcler und Studenten mit den geeigneten Methoden und Mustern das Chaos zu ordnen. <\/span><\/p>\n<p class=\"Standard\" style=\"text-align: center;\"><span lang=\"DE-CH\">Lassen Sie sich unverbindlich beraten und vereinbaren Sie gleich mit dem Nachhilfelehrer eine kostenlose Probelektion.<\/span><\/p>\n<hr \/>\n<p style=\"text-align: center;\"><span style=\"font-size: 24pt;\"><strong>Physik (bis Matura)<\/strong><\/span><\/p>\n<p style=\"text-align: center;\"><span style=\"font-size: 24pt;\"><img decoding=\"async\" loading=\"lazy\" class=\"wp-image-118 aligncenter\" style=\"font-size: 16px;\" src=\"https:\/\/unitutor24.com\/wp-content\/uploads\/2020\/12\/physic-300x225.jpg\" alt=\"\" width=\"460\" height=\"345\" srcset=\"https:\/\/unitutor24.com\/wp-content\/uploads\/2020\/12\/physic-300x225.jpg 300w, https:\/\/unitutor24.com\/wp-content\/uploads\/2020\/12\/physic-768x576.jpg 768w, https:\/\/unitutor24.com\/wp-content\/uploads\/2020\/12\/physic-800x600.jpg 800w, https:\/\/unitutor24.com\/wp-content\/uploads\/2020\/12\/physic.jpg 900w\" sizes=\"(max-width: 460px) 100vw, 460px\" \/><\/span><\/p>\n<p class=\"Standard\" style=\"text-align: center;\"><span lang=\"DE-CH\">Das Themengebiet der Physik reicht von den Naturgesetzen \u00fcber Raumfahrt bis hin zur Gravitationslehre und Astrophysik. Aufgrund einer solchen Vielfalt ist nachvollziehbar, dass einige Sch\u00fcler und Studenten Probleme in diesem Fach haben. <\/span><\/p>\n<p class=\"Standard\" style=\"text-align: center;\"><span lang=\"DE-CH\">Wir unterst\u00fctzen Sie, den Anforderungen im Fach Physik gerecht zu werden und diese besser bew\u00e4ltigen zu k\u00f6nnen. Im Einzelgespr\u00e4ch setzten wir uns mit den Problemen auseinander, um dadurch den optimalen F\u00f6rderbedarf zu ermitteln und die notwendige Nachhilfe f\u00fcr Sie zu konzipieren.<\/span><\/p>\n<hr \/>\n<p style=\"text-align: center;\"><span style=\"font-size: 24pt;\"><strong>Chemie (bis Matura)<\/strong><\/span><\/p>\n<p><img decoding=\"async\" loading=\"lazy\" class=\"wp-image-126 aligncenter\" src=\"https:\/\/unitutor24.com\/wp-content\/uploads\/2020\/12\/chemie-300x169.jpg\" alt=\"\" width=\"460\" height=\"259\" srcset=\"https:\/\/unitutor24.com\/wp-content\/uploads\/2020\/12\/chemie-300x169.jpg 300w, https:\/\/unitutor24.com\/wp-content\/uploads\/2020\/12\/chemie-768x432.jpg 768w, https:\/\/unitutor24.com\/wp-content\/uploads\/2020\/12\/chemie-1024x576.jpg 1024w, https:\/\/unitutor24.com\/wp-content\/uploads\/2020\/12\/chemie-800x450.jpg 800w, https:\/\/unitutor24.com\/wp-content\/uploads\/2020\/12\/chemie.jpg 1920w\" sizes=\"(max-width: 460px) 100vw, 460px\" \/><\/p>\n<p style=\"text-align: center;\">Die Chemie ist in zwei Teilgebiete unterteilt. Der eine Teil untersucht die kohlenstoffhaltigen Verbindungen, w\u00e4hrend das andere Teilgebiet die Elemente des Periodensystems behandelt. Doch sowohl die organische Chemie als auch die anorganische Chemie l\u00f6sen bei vielen Sch\u00fclern und Studenten wenig Begeisterung aus.<\/p>\n<p style=\"text-align: center;\">Bei der Chemie-Nachhilfe verbessern wir nicht nur die Note der n\u00e4chsten Pr\u00fcfung, sondern sorgen auch daf\u00fcr, dass Ihr Interesse am Fach gest\u00e4rkt wird.<\/p>\n<hr \/>\n<p style=\"text-align: center;\"><span style=\"font-size: 24pt;\"><strong>Mikro\u00f6konomik<\/strong><\/span><\/p>\n<p><img decoding=\"async\" loading=\"lazy\" class=\"wp-image-128 aligncenter\" src=\"https:\/\/unitutor24.com\/wp-content\/uploads\/2020\/12\/economy-300x175.jpg\" alt=\"\" width=\"460\" height=\"268\" srcset=\"https:\/\/unitutor24.com\/wp-content\/uploads\/2020\/12\/economy-300x175.jpg 300w, https:\/\/unitutor24.com\/wp-content\/uploads\/2020\/12\/economy-768x447.jpg 768w, https:\/\/unitutor24.com\/wp-content\/uploads\/2020\/12\/economy-1024x596.jpg 1024w, https:\/\/unitutor24.com\/wp-content\/uploads\/2020\/12\/economy-800x466.jpg 800w, https:\/\/unitutor24.com\/wp-content\/uploads\/2020\/12\/economy.jpg 1300w\" sizes=\"(max-width: 460px) 100vw, 460px\" \/><\/p>\n<p style=\"text-align: center;\">Makro- und Mikro\u00f6konomie sind Teil der Volkswirtschaftslehre. W\u00e4hrend sich die Makro\u00f6konomie sich mit dem gesamtwirtschaftlichen Verhalten der Sektoren und mit der Analyse der gesamtwirtschaftlichen M\u00e4rkte und den Zusammenh\u00e4ngen besch\u00e4ftigt, sind einzelne Wirtschaftssubjekte (Unternehmen und Haushalt) Gegenstand der Mikro\u00f6konomie. Beide F\u00e4cher sind ein bedeutender Teil vieler wirtschaftswissenschaftlicher Studieng\u00e4nge und sind oft Stolpersteine auf dem Weg zum Hochschulabschluss.<\/p>\n<p style=\"text-align: center;\">Unsere Lehrer vermitteln Ihnen ihr Fachwissen und erkl\u00e4ren die komplexen Zusammenh\u00e4nge mit viel Freude.<\/p>\n","protected":false},"excerpt":{"rendered":"<p>&nbsp; \u00a0 MATHE Mathematik ist sowohl im allt\u00e4glichen Leben als auch im sp\u00e4teren Berufsleben allgegenw\u00e4rtig und wird als fester Bestandteil der Allgemeinbildung eingestuft. Den Satz \u00abMathe? Werde ich wohl nie verstehen!\u00bb treten qualifizierte Mathematik- Nachhilfelehrer entgegen und helfen Sch\u00fcler und Studenten mit den geeigneten Methoden und Mustern das Chaos zu ordnen. Lassen Sie sich unverbindlich &hellip;<\/p>\n","protected":false},"author":1,"featured_media":0,"parent":0,"menu_order":0,"comment_status":"closed","ping_status":"closed","template":"","meta":{"footnotes":""},"_links":{"self":[{"href":"https:\/\/unitutor24.com\/index.php\/wp-json\/wp\/v2\/pages\/32"}],"collection":[{"href":"https:\/\/unitutor24.com\/index.php\/wp-json\/wp\/v2\/pages"}],"about":[{"href":"https:\/\/unitutor24.com\/index.php\/wp-json\/wp\/v2\/types\/page"}],"author":[{"embeddable":true,"href":"https:\/\/unitutor24.com\/index.php\/wp-json\/wp\/v2\/users\/1"}],"replies":[{"embeddable":true,"href":"https:\/\/unitutor24.com\/index.php\/wp-json\/wp\/v2\/comments?post=32"}],"version-history":[{"count":43,"href":"https:\/\/unitutor24.com\/index.php\/wp-json\/wp\/v2\/pages\/32\/revisions"}],"predecessor-version":[{"id":190,"href":"https:\/\/unitutor24.com\/index.php\/wp-json\/wp\/v2\/pages\/32\/revisions\/190"}],"wp:attachment":[{"href":"https:\/\/unitutor24.com\/index.php\/wp-json\/wp\/v2\/media?parent=32"}],"curies":[{"name":"wp","href":"https:\/\/api.w.org\/{rel}","templated":true}]}}